{"id":203,"date":"2023-12-07T16:17:27","date_gmt":"2023-12-07T15:17:27","guid":{"rendered":"http:\/\/synergiedev.fr\/?page_id=203"},"modified":"2026-03-17T13:56:59","modified_gmt":"2026-03-17T12:56:59","slug":"tschoeppe-industrie","status":"publish","type":"page","link":"https:\/\/synergiedev.fr\/index.php\/tschoeppe-industrie\/","title":{"rendered":"Tschoepp\u00e9 Industrie"},"content":{"rendered":"\n<p>Assure la distribution des produits fabriqu\u00e9s par Hoprod \u00e0 travers un r\u00e9seau d\u2019installateurs agr\u00e9\u00e9s, les Relais Confiance, pr\u00e9sents en France, en Belgique, au Luxembourg et en Suisse.<\/p>\n\n\n\n<p>La marque est \u00e9galement distribu\u00e9e en Allemagne via des installateurs partenaires, garantissant partout un haut niveau d\u2019exigence en mati\u00e8re de qualit\u00e9 produit, de pose et de satisfaction client.<\/p>\n\n\n\n<figure class=\"wp-block-embed aligncenter is-type-video is-provider-youtube wp-block-embed-youtube wp-embed-aspect-16-9 wp-has-aspect-ratio\"><div class=\"wp-block-embed__wrapper\">\n<iframe loading=\"lazy\" title=\"Bienvenue chez Tschoepp\u00e9 | Vous \u00eates bien chez vous &amp; pour longtemps\" width=\"500\" height=\"281\" src=\"https:\/\/www.youtube.com\/embed\/KtuxvOL84_A?feature=oembed\" frameborder=\"0\" allow=\"accelerometer; autoplay; clipboard-write; encrypted-media; gyroscope; picture-in-picture; web-share\" referrerpolicy=\"strict-origin-when-cross-origin\" allowfullscreen><\/iframe>\n<\/div><\/figure>\n","protected":false},"excerpt":{"rendered":"<p>Assure la distribution des produits fabriqu\u00e9s par Hoprod \u00e0 travers un r\u00e9seau d\u2019installateurs agr\u00e9\u00e9s, les Relais Confiance, pr\u00e9sents en France, en Belgique, au Luxembourg et en Suisse. La marque est \u00e9galement distribu\u00e9e en Allemagne via des installateurs partenaires, garantissant partout un haut niveau d\u2019exigence en mati\u00e8re de qualit\u00e9 produit, de pose et de satisfaction client.<\/p>\n","protected":false},"author":2,"featured_media":454,"parent":0,"menu_order":0,"comment_status":"closed","ping_status":"closed","template":"","meta":{"footnotes":""},"class_list":["post-203","page","type-page","status-publish","has-post-thumbnail","hentry"],"_links":{"self":[{"href":"https:\/\/synergiedev.fr\/index.php\/wp-json\/wp\/v2\/pages\/203","targetHints":{"allow":["GET"]}}],"collection":[{"href":"https:\/\/synergiedev.fr\/index.php\/wp-json\/wp\/v2\/pages"}],"about":[{"href":"https:\/\/synergiedev.fr\/index.php\/wp-json\/wp\/v2\/types\/page"}],"author":[{"embeddable":true,"href":"https:\/\/synergiedev.fr\/index.php\/wp-json\/wp\/v2\/users\/2"}],"replies":[{"embeddable":true,"href":"https:\/\/synergiedev.fr\/index.php\/wp-json\/wp\/v2\/comments?post=203"}],"version-history":[{"count":18,"href":"https:\/\/synergiedev.fr\/index.php\/wp-json\/wp\/v2\/pages\/203\/revisions"}],"predecessor-version":[{"id":1112,"href":"https:\/\/synergiedev.fr\/index.php\/wp-json\/wp\/v2\/pages\/203\/revisions\/1112"}],"wp:featuredmedia":[{"embeddable":true,"href":"https:\/\/synergiedev.fr\/index.php\/wp-json\/wp\/v2\/media\/454"}],"wp:attachment":[{"href":"https:\/\/synergiedev.fr\/index.php\/wp-json\/wp\/v2\/media?parent=203"}],"curies":[{"name":"wp","href":"https:\/\/api.w.org\/{rel}","templated":true}]}}