{"id":285,"date":"2023-12-13T15:18:44","date_gmt":"2023-12-13T14:18:44","guid":{"rendered":"http:\/\/synergiedev.fr\/?page_id=285"},"modified":"2024-07-24T15:59:13","modified_gmt":"2024-07-24T13:59:13","slug":"protection-solaire","status":"publish","type":"page","link":"https:\/\/synergiedev.fr\/index.php\/protection-solaire\/","title":{"rendered":"Protection solaire"},"content":{"rendered":"\n<p>Chez Synergie D\u00e9veloppement, nous savons \u00e0 quel point il est important de se prot\u00e9ger du soleil tout en profitant de vos espaces ext\u00e9rieurs. Dans nos showrooms Tschoepp\u00e9 Cr\u00e9ation, nous vous proposons une gamme de produits con\u00e7us pour vous offrir confort et protection.<\/p>\n\n\n\n<p>D\u00e9couvrez nos pergolas \u00e9l\u00e9gantes et nos stores bannes pratiques, parfaits pour cr\u00e9er des zones d&#8217;ombre et vous prot\u00e9ger des rayons du soleil. Que vous souhaitiez am\u00e9nager votre terrasse, votre jardin ou tout autre espace ext\u00e9rieur, nos solutions sont \u00e0 la fois esth\u00e9tiques et fonctionnelles.<\/p>\n\n\n\n<figure class=\"wp-block-image size-large\"><img  title=\"\" loading=\"lazy\" decoding=\"async\" width=\"1024\" height=\"536\" src=\"http:\/\/synergiedev.fr\/wp-content\/uploads\/2023\/12\/Mise-en-avant-1024x536.jpg\"  alt=\"Mise-en-avant-1024x536 Protection solaire\"  class=\"wp-image-414\" srcset=\"https:\/\/synergiedev.fr\/wp-content\/uploads\/2023\/12\/Mise-en-avant-1024x536.jpg 1024w, https:\/\/synergiedev.fr\/wp-content\/uploads\/2023\/12\/Mise-en-avant-300x157.jpg 300w, https:\/\/synergiedev.fr\/wp-content\/uploads\/2023\/12\/Mise-en-avant-768x402.jpg 768w, https:\/\/synergiedev.fr\/wp-content\/uploads\/2023\/12\/Mise-en-avant.jpg 1200w\" sizes=\"auto, (max-width: 1024px) 100vw, 1024px\" \/><\/figure>\n","protected":false},"excerpt":{"rendered":"<p>Chez Synergie D\u00e9veloppement, nous savons \u00e0 quel point il est important de se prot\u00e9ger du soleil tout en profitant de vos espaces ext\u00e9rieurs. Dans nos showrooms Tschoepp\u00e9 Cr\u00e9ation, nous vous proposons une gamme de produits con\u00e7us pour vous offrir confort et protection. D\u00e9couvrez nos pergolas \u00e9l\u00e9gantes et nos stores bannes pratiques, parfaits pour cr\u00e9er des [&hellip;]<\/p>\n","protected":false},"author":2,"featured_media":506,"parent":0,"menu_order":0,"comment_status":"closed","ping_status":"closed","template":"","meta":{"footnotes":""},"class_list":["post-285","page","type-page","status-publish","has-post-thumbnail","hentry"],"_links":{"self":[{"href":"https:\/\/synergiedev.fr\/index.php\/wp-json\/wp\/v2\/pages\/285","targetHints":{"allow":["GET"]}}],"collection":[{"href":"https:\/\/synergiedev.fr\/index.php\/wp-json\/wp\/v2\/pages"}],"about":[{"href":"https:\/\/synergiedev.fr\/index.php\/wp-json\/wp\/v2\/types\/page"}],"author":[{"embeddable":true,"href":"https:\/\/synergiedev.fr\/index.php\/wp-json\/wp\/v2\/users\/2"}],"replies":[{"embeddable":true,"href":"https:\/\/synergiedev.fr\/index.php\/wp-json\/wp\/v2\/comments?post=285"}],"version-history":[{"count":3,"href":"https:\/\/synergiedev.fr\/index.php\/wp-json\/wp\/v2\/pages\/285\/revisions"}],"predecessor-version":[{"id":727,"href":"https:\/\/synergiedev.fr\/index.php\/wp-json\/wp\/v2\/pages\/285\/revisions\/727"}],"wp:featuredmedia":[{"embeddable":true,"href":"https:\/\/synergiedev.fr\/index.php\/wp-json\/wp\/v2\/media\/506"}],"wp:attachment":[{"href":"https:\/\/synergiedev.fr\/index.php\/wp-json\/wp\/v2\/media?parent=285"}],"curies":[{"name":"wp","href":"https:\/\/api.w.org\/{rel}","templated":true}]}}