{"id":294,"date":"2023-12-13T15:24:59","date_gmt":"2023-12-13T14:24:59","guid":{"rendered":"http:\/\/synergiedev.fr\/?page_id=294"},"modified":"2024-07-24T16:08:59","modified_gmt":"2024-07-24T14:08:59","slug":"nos-stores-banne","status":"publish","type":"page","link":"https:\/\/synergiedev.fr\/index.php\/nos-stores-banne\/","title":{"rendered":"Stores Banne"},"content":{"rendered":"\n<p>Le groupe Synergie D\u00e9veloppement propose une gamme vari\u00e9e de stores bannes. Ces \u00e9quipements ext\u00e9rieurs allient fonctionnalit\u00e9 et esth\u00e9tique, offrant une solution id\u00e9ale pour prot\u00e9ger les espaces de vie ext\u00e9rieurs des rayons du soleil tout en ajoutant une touche \u00e9l\u00e9gante \u00e0 toute fa\u00e7ade. Fabriqu\u00e9s avec des mat\u00e9riaux de haute qualit\u00e9, les stores bannes sont con\u00e7us pour r\u00e9sister aux intemp\u00e9ries et garantir une durabilit\u00e9 optimale. <\/p>\n\n\n\n<p>En plus de leur robustesse, ils se d\u00e9clinent en plusieurs mod\u00e8les et coloris, permettant aux clients de personnaliser leur choix en fonction de leurs besoins et pr\u00e9f\u00e9rences esth\u00e9tiques. Gr\u00e2ce \u00e0 un service d&#8217;installation professionnel et un accompagnement personnalis\u00e9, on offre \u00e0 nos clients des solutions sur mesure pour am\u00e9liorer leur confort et valoriser leur habitat.<\/p>\n\n\n\n<figure class=\"wp-block-image size-large\"><img  title=\"\" loading=\"lazy\" decoding=\"async\" width=\"1024\" height=\"439\" src=\"https:\/\/synergiedev.fr\/wp-content\/uploads\/2024\/07\/Erhardt_KD_TP6246101_Seitenansicht-bis-1024x439.jpg\"  alt=\"Erhardt_KD_TP6246101_Seitenansicht-bis-1024x439 Stores Banne\"  class=\"wp-image-747\" srcset=\"https:\/\/synergiedev.fr\/wp-content\/uploads\/2024\/07\/Erhardt_KD_TP6246101_Seitenansicht-bis-1024x439.jpg 1024w, https:\/\/synergiedev.fr\/wp-content\/uploads\/2024\/07\/Erhardt_KD_TP6246101_Seitenansicht-bis-300x129.jpg 300w, https:\/\/synergiedev.fr\/wp-content\/uploads\/2024\/07\/Erhardt_KD_TP6246101_Seitenansicht-bis-768x329.jpg 768w, https:\/\/synergiedev.fr\/wp-content\/uploads\/2024\/07\/Erhardt_KD_TP6246101_Seitenansicht-bis-1536x658.jpg 1536w, https:\/\/synergiedev.fr\/wp-content\/uploads\/2024\/07\/Erhardt_KD_TP6246101_Seitenansicht-bis-2048x878.jpg 2048w\" sizes=\"auto, (max-width: 1024px) 100vw, 1024px\" \/><\/figure>\n","protected":false},"excerpt":{"rendered":"<p>Le groupe Synergie D\u00e9veloppement propose une gamme vari\u00e9e de stores bannes. Ces \u00e9quipements ext\u00e9rieurs allient fonctionnalit\u00e9 et esth\u00e9tique, offrant une solution id\u00e9ale pour prot\u00e9ger les espaces de vie ext\u00e9rieurs des rayons du soleil tout en ajoutant une touche \u00e9l\u00e9gante \u00e0 toute fa\u00e7ade. Fabriqu\u00e9s avec des mat\u00e9riaux de haute qualit\u00e9, les stores bannes sont con\u00e7us pour [&hellip;]<\/p>\n","protected":false},"author":2,"featured_media":417,"parent":0,"menu_order":0,"comment_status":"closed","ping_status":"closed","template":"","meta":{"footnotes":""},"class_list":["post-294","page","type-page","status-publish","has-post-thumbnail","hentry"],"_links":{"self":[{"href":"https:\/\/synergiedev.fr\/index.php\/wp-json\/wp\/v2\/pages\/294","targetHints":{"allow":["GET"]}}],"collection":[{"href":"https:\/\/synergiedev.fr\/index.php\/wp-json\/wp\/v2\/pages"}],"about":[{"href":"https:\/\/synergiedev.fr\/index.php\/wp-json\/wp\/v2\/types\/page"}],"author":[{"embeddable":true,"href":"https:\/\/synergiedev.fr\/index.php\/wp-json\/wp\/v2\/users\/2"}],"replies":[{"embeddable":true,"href":"https:\/\/synergiedev.fr\/index.php\/wp-json\/wp\/v2\/comments?post=294"}],"version-history":[{"count":6,"href":"https:\/\/synergiedev.fr\/index.php\/wp-json\/wp\/v2\/pages\/294\/revisions"}],"predecessor-version":[{"id":748,"href":"https:\/\/synergiedev.fr\/index.php\/wp-json\/wp\/v2\/pages\/294\/revisions\/748"}],"wp:featuredmedia":[{"embeddable":true,"href":"https:\/\/synergiedev.fr\/index.php\/wp-json\/wp\/v2\/media\/417"}],"wp:attachment":[{"href":"https:\/\/synergiedev.fr\/index.php\/wp-json\/wp\/v2\/media?parent=294"}],"curies":[{"name":"wp","href":"https:\/\/api.w.org\/{rel}","templated":true}]}}