{"id":465,"date":"2024-06-06T14:30:18","date_gmt":"2024-06-06T12:30:18","guid":{"rendered":"https:\/\/synergiedev.fr\/?page_id=465"},"modified":"2026-03-17T14:08:18","modified_gmt":"2026-03-17T13:08:18","slug":"votre-integration","status":"publish","type":"page","link":"https:\/\/synergiedev.fr\/index.php\/votre-integration\/","title":{"rendered":"Int\u00e9gration"},"content":{"rendered":"\n<p>Chez Synergie D\u00e9veloppement, on tient vraiment \u00e0 ce que tous nos collaborateurs se sentent bien <strong>int\u00e9gr\u00e9s<\/strong>. Pour \u00e7a, tous nos managers sont sur le coup et font de leur mieux pour que \u00e7a se passe au top.<\/p>\n\n\n\n<div style=\"height:50px\" aria-hidden=\"true\" class=\"wp-block-spacer\"><\/div>\n\n\n\n<h2 class=\"wp-block-heading has-text-align-center\">Avant votre arriv\u00e9e<\/h2>\n\n\n<div class=\"wp-block-image\">\n<figure class=\"aligncenter size-thumbnail is-resized\"><img  title=\"\" loading=\"lazy\" decoding=\"async\" width=\"150\" height=\"150\" src=\"https:\/\/synergiedev.fr\/wp-content\/uploads\/2024\/06\/hired_15755755-150x150.png\"  alt=\"hired_15755755-150x150 Int\u00e9gration\"  class=\"wp-image-629\" style=\"width:100px\"\/><\/figure>\n<\/div>\n\n\n<div style=\"height:50px\" aria-hidden=\"true\" class=\"wp-block-spacer\"><\/div>\n\n\n\n<p>Avant de rejoindre Synergie D\u00e9veloppement, vous allez avoir quelques <strong>\u00e9changes <\/strong>par mail ou t\u00e9l\u00e9phone avec le responsable RH et votre futur manager. On vous enverra tous les documents n\u00e9cessaires pour que votre int\u00e9gration se passe bien et pour concr\u00e9tiser votre arriv\u00e9e au sein de l&#8217;entreprise du groupe.<\/p>\n\n\n\n<div style=\"height:50px\" aria-hidden=\"true\" class=\"wp-block-spacer\"><\/div>\n\n\n\n<h2 class=\"wp-block-heading has-text-align-center\">Pendant votre arriv\u00e9e<\/h2>\n\n\n<div class=\"wp-block-image\">\n<figure class=\"aligncenter size-thumbnail is-resized\"><img  title=\"\" loading=\"lazy\" decoding=\"async\" width=\"150\" height=\"150\" src=\"https:\/\/synergiedev.fr\/wp-content\/uploads\/2024\/06\/maps_4635785-150x150.png\"  alt=\"maps_4635785-150x150 Int\u00e9gration\"  class=\"wp-image-632\" style=\"width:100px\" srcset=\"https:\/\/synergiedev.fr\/wp-content\/uploads\/2024\/06\/maps_4635785-150x150.png 150w, https:\/\/synergiedev.fr\/wp-content\/uploads\/2024\/06\/maps_4635785-300x300.png 300w, https:\/\/synergiedev.fr\/wp-content\/uploads\/2024\/06\/maps_4635785.png 512w\" sizes=\"auto, (max-width: 150px) 100vw, 150px\" \/><\/figure>\n<\/div>\n\n\n<div style=\"height:50px\" aria-hidden=\"true\" class=\"wp-block-spacer\"><\/div>\n\n\n\n<p>Quand vous arriverez chez Synergie D\u00e9veloppement, vous ferez le <strong>tour <\/strong>de tous les services de l&#8217;entreprise que vous avez rejoint. Vous aurez du temps pour vous <strong>adapter <\/strong>et <strong>observer <\/strong>avant de prendre les r\u00eanes de votre poste. On vous proposera aussi plusieurs <strong>formations <\/strong>internes selon votre m\u00e9tier au sein du groupe. Vous rencontrerez vos futurs coll\u00e8gues et comprendrez bien comment fonctionne l&#8217;organisation. Vous serez pr\u00eat \u00e0 commencer en toute <strong>s\u00e9r\u00e9nit\u00e9 <\/strong>!<\/p>\n\n\n\n<div style=\"height:50px\" aria-hidden=\"true\" class=\"wp-block-spacer\"><\/div>\n\n\n\n<h2 class=\"wp-block-heading has-text-align-center\">Entretiens Individuel de D\u00e9veloppement<\/h2>\n\n\n<div class=\"wp-block-image\">\n<figure class=\"aligncenter size-thumbnail is-resized\"><img  title=\"\" loading=\"lazy\" decoding=\"async\" width=\"150\" height=\"150\" src=\"https:\/\/synergiedev.fr\/wp-content\/uploads\/2024\/06\/notepad_137920-150x150.png\"  alt=\"notepad_137920-150x150 Int\u00e9gration\"  class=\"wp-image-633\" style=\"width:100px\" srcset=\"https:\/\/synergiedev.fr\/wp-content\/uploads\/2024\/06\/notepad_137920-150x150.png 150w, https:\/\/synergiedev.fr\/wp-content\/uploads\/2024\/06\/notepad_137920-300x300.png 300w, https:\/\/synergiedev.fr\/wp-content\/uploads\/2024\/06\/notepad_137920.png 512w\" sizes=\"auto, (max-width: 150px) 100vw, 150px\" \/><\/figure>\n<\/div>\n\n\n<div style=\"height:50px\" aria-hidden=\"true\" class=\"wp-block-spacer\"><\/div>\n\n\n\n<p>Tout au long de l&#8217;ann\u00e9e, vous aurez des <strong>entretiens <\/strong>mensuels avec votre manager. Ce sera l&#8217;occasion de discuter de vos <strong>progr\u00e8s<\/strong>, de faire le <strong>point <\/strong>sur votre travail, de r\u00e9pondre \u00e0 vos <strong>questions <\/strong>et de planifier des <strong>formations <\/strong>si besoin.<\/p>\n\n\n\n<div style=\"height:50px\" aria-hidden=\"true\" class=\"wp-block-spacer\"><\/div>\n\n\n\n<h2 class=\"wp-block-heading has-text-align-center\">Rejoignez-nous !<\/h2>\n\n\n<div class=\"wp-block-image\">\n<figure class=\"aligncenter size-thumbnail is-resized\"><img  title=\"\" loading=\"lazy\" decoding=\"async\" width=\"150\" height=\"150\" src=\"https:\/\/synergiedev.fr\/wp-content\/uploads\/2024\/06\/confetti_3761633-150x150.png\"  alt=\"confetti_3761633-150x150 Int\u00e9gration\"  class=\"wp-image-634\" style=\"width:100px\" srcset=\"https:\/\/synergiedev.fr\/wp-content\/uploads\/2024\/06\/confetti_3761633-150x150.png 150w, https:\/\/synergiedev.fr\/wp-content\/uploads\/2024\/06\/confetti_3761633-300x300.png 300w, https:\/\/synergiedev.fr\/wp-content\/uploads\/2024\/06\/confetti_3761633.png 512w\" sizes=\"auto, (max-width: 150px) 100vw, 150px\" \/><\/figure>\n<\/div>\n\n\n<div style=\"height:50px\" aria-hidden=\"true\" class=\"wp-block-spacer\"><\/div>\n\n\n\n<p>Vous aussi, vous avez envie de rejoindre l&#8217;\u00e9quipe de Synergie D\u00e9veloppement ? Avec notre vari\u00e9t\u00e9 de m\u00e9tiers, on est toujours \u00e0 la recherche de <strong>nouveaux talents<\/strong> ! Envoyez-nous votre candidature spontan\u00e9e ou jetez un \u0153il \u00e0 nos offres d&#8217;emploi actuelles.<\/p>\n\n\n\n<div class=\"wp-block-buttons is-content-justification-center is-layout-flex wp-container-core-buttons-is-layout-16018d1d wp-block-buttons-is-layout-flex\">\n<div class=\"wp-block-button is-style-fill\"><a class=\"wp-block-button__link has-text-align-center wp-element-button\" href=\"https:\/\/careers.werecruit.io\/fr\/tschoeppe\">NOS OFFRES<\/a><\/div>\n<\/div>\n","protected":false},"excerpt":{"rendered":"<p>Chez Synergie D\u00e9veloppement, on tient vraiment \u00e0 ce que tous nos collaborateurs se sentent bien int\u00e9gr\u00e9s. Pour \u00e7a, tous nos managers sont sur le coup et font de leur mieux pour que \u00e7a se passe au top. Avant votre arriv\u00e9e Avant de rejoindre Synergie D\u00e9veloppement, vous allez avoir quelques \u00e9changes par mail ou t\u00e9l\u00e9phone avec [&hellip;]<\/p>\n","protected":false},"author":2,"featured_media":476,"parent":0,"menu_order":0,"comment_status":"closed","ping_status":"closed","template":"","meta":{"footnotes":""},"class_list":["post-465","page","type-page","status-publish","has-post-thumbnail","hentry"],"_links":{"self":[{"href":"https:\/\/synergiedev.fr\/index.php\/wp-json\/wp\/v2\/pages\/465","targetHints":{"allow":["GET"]}}],"collection":[{"href":"https:\/\/synergiedev.fr\/index.php\/wp-json\/wp\/v2\/pages"}],"about":[{"href":"https:\/\/synergiedev.fr\/index.php\/wp-json\/wp\/v2\/types\/page"}],"author":[{"embeddable":true,"href":"https:\/\/synergiedev.fr\/index.php\/wp-json\/wp\/v2\/users\/2"}],"replies":[{"embeddable":true,"href":"https:\/\/synergiedev.fr\/index.php\/wp-json\/wp\/v2\/comments?post=465"}],"version-history":[{"count":15,"href":"https:\/\/synergiedev.fr\/index.php\/wp-json\/wp\/v2\/pages\/465\/revisions"}],"predecessor-version":[{"id":639,"href":"https:\/\/synergiedev.fr\/index.php\/wp-json\/wp\/v2\/pages\/465\/revisions\/639"}],"wp:featuredmedia":[{"embeddable":true,"href":"https:\/\/synergiedev.fr\/index.php\/wp-json\/wp\/v2\/media\/476"}],"wp:attachment":[{"href":"https:\/\/synergiedev.fr\/index.php\/wp-json\/wp\/v2\/media?parent=465"}],"curies":[{"name":"wp","href":"https:\/\/api.w.org\/{rel}","templated":true}]}}