{"id":484,"date":"2024-06-06T14:59:16","date_gmt":"2024-06-06T12:59:16","guid":{"rendered":"https:\/\/synergiedev.fr\/?page_id=484"},"modified":"2026-03-17T13:50:35","modified_gmt":"2026-03-17T12:50:35","slug":"nos-valeurs","status":"publish","type":"page","link":"https:\/\/synergiedev.fr\/index.php\/nos-valeurs\/","title":{"rendered":"Valeurs &amp; Vision"},"content":{"rendered":"\n<h2 class=\"wp-block-heading has-text-align-center has-white-color has-text-color has-background has-link-color wp-elements-45a3af04b9208750da25e42b0d9793eb\" style=\"background-color:#b95544\">Nos valeurs<\/h2>\n\n\n\n<p>Chez Synergie D\u00e9veloppement, on mise avant tout sur <strong>l&#8217;innovation<\/strong>, la <strong>qualit\u00e9 <\/strong>et la <strong>responsabilit\u00e9 sociale<\/strong>. Le groupe a pour ambition de laisser une empreinte positive et durable dans tous les domaines o\u00f9 il intervient, en prenant soin de <strong>l&#8217;environnement<\/strong>, en favorisant <strong>l&#8217;inclusion <\/strong>sociale et en stimulant <strong>l&#8217;\u00e9conomie locale<\/strong>. On pr\u00f4ne l&#8217;int\u00e9grit\u00e9, la transparence et le travail d&#8217;\u00e9quipe, tout en cr\u00e9ant un cadre propice \u00e0 l&#8217;\u00e9panouissement personnel et professionnel de chacun. Avec ces valeurs en t\u00eate, Synergie D\u00e9veloppement se positionne comme un acteur cl\u00e9, engag\u00e9 \u00e0 am\u00e9liorer le bien-\u00eatre et la prosp\u00e9rit\u00e9 des communaut\u00e9s qu&#8217;il touche.<\/p>\n\n\n\n<div style=\"height:50px\" aria-hidden=\"true\" class=\"wp-block-spacer\"><\/div>\n\n\n\n<h3 class=\"wp-block-heading has-text-align-center\"><strong>L&#8217;esprit d&#8217;\u00e9quipe<\/strong><\/h3>\n\n\n<div class=\"wp-block-image\">\n<figure class=\"aligncenter size-thumbnail is-resized\"><img  title=\"\" loading=\"lazy\" decoding=\"async\" width=\"150\" height=\"150\" src=\"https:\/\/synergiedev.fr\/wp-content\/uploads\/2024\/06\/solution_9160217-150x150.png\"  alt=\"solution_9160217-150x150 Valeurs &amp; Vision\"  class=\"wp-image-563\" style=\"width:100px\" srcset=\"https:\/\/synergiedev.fr\/wp-content\/uploads\/2024\/06\/solution_9160217-150x150.png 150w, https:\/\/synergiedev.fr\/wp-content\/uploads\/2024\/06\/solution_9160217-300x300.png 300w, https:\/\/synergiedev.fr\/wp-content\/uploads\/2024\/06\/solution_9160217.png 512w\" sizes=\"auto, (max-width: 150px) 100vw, 150px\" \/><\/figure>\n<\/div>\n\n\n<div style=\"height:50px\" aria-hidden=\"true\" class=\"wp-block-spacer\"><\/div>\n\n\n\n<p>Nous avons pour envie de construire une \u00e9quipe de Talents avec des collaborateurs motiv\u00e9s, pr\u00eats \u00e0 atteindre des buts audacieux ensemble. Au centre de cette \u00e9quipe, on encourage la collaboration et le partage, o\u00f9 chaque victoire est f\u00eat\u00e9e comme une r\u00e9ussite collective.<\/p>\n\n\n\n<div style=\"height:50px\" aria-hidden=\"true\" class=\"wp-block-spacer\"><\/div>\n\n\n\n<h3 class=\"wp-block-heading has-text-align-center\"><strong>La culture de la gagne<\/strong><\/h3>\n\n\n<div class=\"wp-block-image\">\n<figure class=\"aligncenter size-thumbnail is-resized\"><img  title=\"\" loading=\"lazy\" decoding=\"async\" width=\"150\" height=\"150\" src=\"https:\/\/synergiedev.fr\/wp-content\/uploads\/2024\/06\/self-confidence_15595771-150x150.png\"  alt=\"self-confidence_15595771-150x150 Valeurs &amp; Vision\"  class=\"wp-image-572\" style=\"width:100px\" srcset=\"https:\/\/synergiedev.fr\/wp-content\/uploads\/2024\/06\/self-confidence_15595771-150x150.png 150w, https:\/\/synergiedev.fr\/wp-content\/uploads\/2024\/06\/self-confidence_15595771-300x300.png 300w, https:\/\/synergiedev.fr\/wp-content\/uploads\/2024\/06\/self-confidence_15595771.png 512w\" sizes=\"auto, (max-width: 150px) 100vw, 150px\" \/><\/figure>\n<\/div>\n\n\n<div style=\"height:50px\" aria-hidden=\"true\" class=\"wp-block-spacer\"><\/div>\n\n\n\n<p>Dans le sport, qui est une grande source d\u2019inspiration, tout comme dans le groupe, on compte sur nos Talents pour faire preuve d\u2019une d\u00e9termination sans faille\u2026 Il faut essayer, se tromper, recommencer, s\u2019entra\u00eener encore et toujours\u2026 C\u2019est pour nous, cette pers\u00e9v\u00e9rance qui nous m\u00e8ne vers le succ\u00e8s.<\/p>\n\n\n\n<div style=\"height:50px\" aria-hidden=\"true\" class=\"wp-block-spacer\"><\/div>\n\n\n\n<h3 class=\"wp-block-heading has-text-align-center\"><strong>La d\u00e9marcation<\/strong><\/h3>\n\n\n<div class=\"wp-block-image\">\n<figure class=\"aligncenter size-thumbnail is-resized\"><img  title=\"\" loading=\"lazy\" decoding=\"async\" width=\"150\" height=\"150\" src=\"https:\/\/synergiedev.fr\/wp-content\/uploads\/2024\/06\/rocket_1323780-150x150.png\"  alt=\"rocket_1323780-150x150 Valeurs &amp; Vision\"  class=\"wp-image-582\" style=\"width:100px\" srcset=\"https:\/\/synergiedev.fr\/wp-content\/uploads\/2024\/06\/rocket_1323780-150x150.png 150w, https:\/\/synergiedev.fr\/wp-content\/uploads\/2024\/06\/rocket_1323780-300x300.png 300w, https:\/\/synergiedev.fr\/wp-content\/uploads\/2024\/06\/rocket_1323780.png 512w\" sizes=\"auto, (max-width: 150px) 100vw, 150px\" \/><\/figure>\n<\/div>\n\n\n<div style=\"height:50px\" aria-hidden=\"true\" class=\"wp-block-spacer\"><\/div>\n\n\n\n<p>Chez Synergie D\u00e9veloppement, il n\u2019est pas obligatoire d\u2019\u00eatre diff\u00e9rent, on pr\u00e9f\u00e8re se d\u00e9marquer tout en restant authentique.<\/p>\n\n\n\n<div style=\"height:50px\" aria-hidden=\"true\" class=\"wp-block-spacer\"><\/div>\n\n\n\n<h3 class=\"wp-block-heading has-text-align-center\"><strong>La pr\u00e9cision du geste<\/strong><\/h3>\n\n\n<div class=\"wp-block-image\">\n<figure class=\"aligncenter size-thumbnail is-resized\"><img  title=\"\" loading=\"lazy\" decoding=\"async\" width=\"150\" height=\"150\" src=\"https:\/\/synergiedev.fr\/wp-content\/uploads\/2024\/06\/warranty_14644482-150x150.png\"  alt=\"warranty_14644482-150x150 Valeurs &amp; Vision\"  class=\"wp-image-585\" style=\"width:100px\" srcset=\"https:\/\/synergiedev.fr\/wp-content\/uploads\/2024\/06\/warranty_14644482-150x150.png 150w, https:\/\/synergiedev.fr\/wp-content\/uploads\/2024\/06\/warranty_14644482-300x300.png 300w, https:\/\/synergiedev.fr\/wp-content\/uploads\/2024\/06\/warranty_14644482.png 512w\" sizes=\"auto, (max-width: 150px) 100vw, 150px\" \/><\/figure>\n<\/div>\n\n\n<div style=\"height:50px\" aria-hidden=\"true\" class=\"wp-block-spacer\"><\/div>\n\n\n\n<p>La pr\u00e9cision du geste montre notre d\u00e9vouement pour l\u2019excellence, o\u00f9 chaque petite action est faite avec un soin tout particulier, illustrant notre amour pour le travail bien fait.<\/p>\n\n\n\n<div style=\"height:50px\" aria-hidden=\"true\" class=\"wp-block-spacer\"><\/div>\n\n\n\n<h2 class=\"wp-block-heading has-text-align-center has-white-color has-text-color has-background has-link-color wp-elements-96fff236bbdbc4c40bc3163aae2ac60e\" style=\"background-color:#b95544\">Notre Vision<\/h2>\n\n\n\n<p><strong>Construire un groupe durablement performant en r\u00e9v\u00e9lant, d\u00e9veloppant et faisant confiance aux talents qui le composent.<\/strong><\/p>\n\n\n\n<p>Notre vision est de faire grandir nos entreprises \u2013 industrielles, retail et r\u00e9seaux \u2013 en conjuguant excellence produit, exigence de service et engagement humain, convaincus que la r\u00e9ussite collective na\u00eet de la responsabilisation, de la transmission et de la confiance accord\u00e9e \u00e0 ceux qui ont l\u2019envie et le potentiel d\u2019aller plus loin.<\/p>\n\n\n\n<p>Nous croyons en un mod\u00e8le o\u00f9 chaque collaborateur peut devenir acteur du d\u00e9veloppement du groupe, o\u00f9 les parcours internes sont une force, et o\u00f9 la croissance \u00e9conomique s\u2019appuie avant tout sur la richesse des femmes et des hommes qui la construisent.<\/p>\n\n\n\n<figure class=\"wp-block-image size-large\"><img  title=\"\" loading=\"lazy\" decoding=\"async\" width=\"1024\" height=\"768\" src=\"https:\/\/synergiedev.fr\/wp-content\/uploads\/2026\/03\/IMG_6798-1024x768.jpeg\"  alt=\"IMG_6798-1024x768 Valeurs &amp; Vision\"  class=\"wp-image-1104\" srcset=\"https:\/\/synergiedev.fr\/wp-content\/uploads\/2026\/03\/IMG_6798-1024x768.jpeg 1024w, https:\/\/synergiedev.fr\/wp-content\/uploads\/2026\/03\/IMG_6798-300x225.jpeg 300w, https:\/\/synergiedev.fr\/wp-content\/uploads\/2026\/03\/IMG_6798-768x576.jpeg 768w, https:\/\/synergiedev.fr\/wp-content\/uploads\/2026\/03\/IMG_6798-1536x1152.jpeg 1536w, https:\/\/synergiedev.fr\/wp-content\/uploads\/2026\/03\/IMG_6798-2048x1536.jpeg 2048w\" sizes=\"auto, (max-width: 1024px) 100vw, 1024px\" \/><\/figure>\n","protected":false},"excerpt":{"rendered":"<p>Nos valeurs Chez Synergie D\u00e9veloppement, on mise avant tout sur l&#8217;innovation, la qualit\u00e9 et la responsabilit\u00e9 sociale. Le groupe a pour ambition de laisser une empreinte positive et durable dans tous les domaines o\u00f9 il intervient, en prenant soin de l&#8217;environnement, en favorisant l&#8217;inclusion sociale et en stimulant l&#8217;\u00e9conomie locale. On pr\u00f4ne l&#8217;int\u00e9grit\u00e9, la transparence [&hellip;]<\/p>\n","protected":false},"author":2,"featured_media":532,"parent":0,"menu_order":0,"comment_status":"closed","ping_status":"closed","template":"","meta":{"footnotes":""},"class_list":["post-484","page","type-page","status-publish","has-post-thumbnail","hentry"],"_links":{"self":[{"href":"https:\/\/synergiedev.fr\/index.php\/wp-json\/wp\/v2\/pages\/484","targetHints":{"allow":["GET"]}}],"collection":[{"href":"https:\/\/synergiedev.fr\/index.php\/wp-json\/wp\/v2\/pages"}],"about":[{"href":"https:\/\/synergiedev.fr\/index.php\/wp-json\/wp\/v2\/types\/page"}],"author":[{"embeddable":true,"href":"https:\/\/synergiedev.fr\/index.php\/wp-json\/wp\/v2\/users\/2"}],"replies":[{"embeddable":true,"href":"https:\/\/synergiedev.fr\/index.php\/wp-json\/wp\/v2\/comments?post=484"}],"version-history":[{"count":37,"href":"https:\/\/synergiedev.fr\/index.php\/wp-json\/wp\/v2\/pages\/484\/revisions"}],"predecessor-version":[{"id":1105,"href":"https:\/\/synergiedev.fr\/index.php\/wp-json\/wp\/v2\/pages\/484\/revisions\/1105"}],"wp:featuredmedia":[{"embeddable":true,"href":"https:\/\/synergiedev.fr\/index.php\/wp-json\/wp\/v2\/media\/532"}],"wp:attachment":[{"href":"https:\/\/synergiedev.fr\/index.php\/wp-json\/wp\/v2\/media?parent=484"}],"curies":[{"name":"wp","href":"https:\/\/api.w.org\/{rel}","templated":true}]}}