{"id":543,"date":"2024-06-06T16:52:18","date_gmt":"2024-06-06T14:52:18","guid":{"rendered":"https:\/\/synergiedev.fr\/?page_id=543"},"modified":"2026-03-17T11:32:09","modified_gmt":"2026-03-17T10:32:09","slug":"acces-locaux","status":"publish","type":"page","link":"https:\/\/synergiedev.fr\/index.php\/acces-locaux\/","title":{"rendered":"Acc\u00e8s &amp; locaux"},"content":{"rendered":"\n<h2 class=\"wp-block-heading has-text-align-center has-white-color has-text-color has-background has-link-color wp-elements-deb57c32517ced9b7ce98bd5f99ad1ef\" style=\"background-color:#b95544\">Tschoepp\u00e9 Industrie<\/h2>\n\n\n\n<p>2 rue Lavoisier 67720 HOERDT<br>03 90 64 26 26<br><a href=\"mailto:contact@tschoeppe.fr\">contact@tschoeppe.fr<\/a><br><a href=\"https:\/\/www.tschoeppe.fr\/\" data-type=\"link\" data-id=\"https:\/\/www.tschoeppe.fr\/\">Site Internet<\/a><br><\/p>\n\n\n\n<div style=\"height:30px\" aria-hidden=\"true\" class=\"wp-block-spacer\"><\/div>\n\n\n\n<h2 class=\"wp-block-heading has-text-align-center has-white-color has-text-color has-background has-link-color wp-elements-43a8d36dba4808c6258360dbf5d7b447\" style=\"background-color:#b95544\">Hoprod<\/h2>\n\n\n\n<p>2 rue Lavoisier 67720 HOERDT<br>03 90 64 26 26<br><a href=\"mailto:contact@tschoeppe.fr\">contact@tschoeppe.fr<\/a><\/p>\n\n\n\n<div style=\"height:30px\" aria-hidden=\"true\" class=\"wp-block-spacer\"><\/div>\n\n\n\n<h2 class=\"wp-block-heading has-text-align-center has-white-color has-text-color has-background has-link-color wp-elements-62dddf552eae84733d28701af316efe0\" style=\"background-color:#b95544\">Tschoepp\u00e9 Cr\u00e9ation<\/h2>\n\n\n\n<h3 class=\"wp-block-heading has-text-align-center\">Tschoepp\u00e9 Cr\u00e9ation &#8211; Strasbourg<\/h3>\n\n\n\n<p>2 rue Lavoisier 67720 HOERDT<br>0 800 800 645<br><a href=\"mailto:adv@tschoeppe.fr\">adv@tschoeppe.fr<\/a><br><a href=\"https:\/\/www.tschoeppe.fr\/tschoeppe\/reseau-tschoeppe\/votre-specialiste\/portail-alu-bas-rhin-67-tschoeppe-creation.html\" data-type=\"link\" data-id=\"https:\/\/www.tschoeppe.fr\/tschoeppe\/reseau-tschoeppe\/votre-specialiste\/portail-alu-bas-rhin-67-tschoeppe-creation.html\">Site Internet<\/a><\/p>\n\n\n\n<div style=\"height:30px\" aria-hidden=\"true\" class=\"wp-block-spacer\"><\/div>\n\n\n\n<h3 class=\"wp-block-heading has-text-align-center\">Tschoepp\u00e9 Cr\u00e9ation &#8211; Mulhouse<\/h3>\n\n\n\n<p>La Cit\u00e9 de l&#8217;Habitat 68460 LUTTERBACH<br>03 67 29 08 45<br><a href=\"mailto:alex.frey@tschoeppe.fr\">alex.frey@tschoeppe.fr<\/a><br><a href=\"https:\/\/www.tschoeppe.fr\/tschoeppe\/reseau-tschoeppe\/votre-specialiste\/portail-alu-haut-rhin-68.html\" data-type=\"link\" data-id=\"https:\/\/www.tschoeppe.fr\/tschoeppe\/reseau-tschoeppe\/votre-specialiste\/portail-alu-haut-rhin-68.html\">Site Internet<\/a><br><\/p>\n\n\n\n<div style=\"height:30px\" aria-hidden=\"true\" class=\"wp-block-spacer\"><\/div>\n\n\n\n<h3 class=\"wp-block-heading has-text-align-center\">Tschoepp\u00e9 Cr\u00e9ation &#8211; Nantes<\/h3>\n\n\n\n<p>9 rue Jean Mermoz 44980&nbsp;STE LUCE SUR LOIRE<br>06 25 36 46 63<br><a href=\"mailto:contact.nantes@tschoeppe.fr\">contact.nantes@tschoeppe.fr<\/a><br><a href=\"https:\/\/www.tschoeppe.fr\/tschoeppe\/reseau-tschoeppe\/votre-specialiste\/portail-espace-conseils-et-creations-nantes-44.html\" data-type=\"link\" data-id=\"https:\/\/www.tschoeppe.fr\/tschoeppe\/reseau-tschoeppe\/votre-specialiste\/portail-espace-conseils-et-creations-nantes-44.html\">Site Internet<\/a><\/p>\n\n\n\n<h3 class=\"wp-block-heading has-text-align-center\">Tschoepp\u00e9 Cr\u00e9ation &#8211; Haguenau<\/h3>\n\n\n\n<p>1 C Rue de Niederbronn, 67590 Schweighouse-sur-Moder<br>03 90 64 26 21<br><a href=\"contact.haguenau@tschoeppe.fr\">contact.haguenau@tschoeppe.fr<\/a><br><a href=\"https:\/\/www.tschoeppe.fr\/tschoeppe\/reseau-tschoeppe\/votre-specialiste\/portail-haguenau-67-tschoeppe-creation.html\" data-type=\"link\" data-id=\"https:\/\/www.tschoeppe.fr\/tschoeppe\/reseau-tschoeppe\/votre-specialiste\/portail-espace-conseils-et-creations-nantes-44.html\">Site Internet<\/a><\/p>\n\n\n\n<div style=\"height:30px\" aria-hidden=\"true\" class=\"wp-block-spacer\"><\/div>\n\n\n\n<h2 class=\"wp-block-heading has-text-align-center has-white-color has-text-color has-background has-link-color wp-elements-936a93f383d9407703f7bd2c4efbefa4\" style=\"background-color:#b95544\">Flammes du Monde<\/h2>\n\n\n\n<h3 class=\"wp-block-heading has-text-align-center\">Flammes du Monde &#8211; Mulhouse<\/h3>\n\n\n\n<p>La Cit\u00e9 de l&#8217;Habitat 68460 LUTTERBACH<br>03 88 69 56 96<br><a href=\"mailto:mulhouse@flammesdumonde.com\">mulhouse@flammesdumonde.com<\/a><br><a href=\"https:\/\/www.flammesdumonde.com\/magasins\/flammes-du-monde-mulhouse\" data-type=\"link\" data-id=\"https:\/\/www.flammesdumonde.com\/magasins\/flammes-du-monde-mulhouse\">Site Internet<\/a><\/p>\n","protected":false},"excerpt":{"rendered":"<p>Tschoepp\u00e9 Industrie 2 rue Lavoisier 67720 HOERDT03 90 64 26 26contact@tschoeppe.frSite Internet Hoprod 2 rue Lavoisier 67720 HOERDT03 90 64 26 26contact@tschoeppe.fr Tschoepp\u00e9 Cr\u00e9ation Tschoepp\u00e9 Cr\u00e9ation &#8211; Strasbourg 2 rue Lavoisier 67720 HOERDT0 800 800 645adv@tschoeppe.frSite Internet Tschoepp\u00e9 Cr\u00e9ation &#8211; Mulhouse La Cit\u00e9 de l&#8217;Habitat 68460 LUTTERBACH03 67 29 08 45alex.frey@tschoeppe.frSite Internet Tschoepp\u00e9 Cr\u00e9ation &#8211; [&hellip;]<\/p>\n","protected":false},"author":2,"featured_media":693,"parent":0,"menu_order":0,"comment_status":"closed","ping_status":"closed","template":"","meta":{"footnotes":""},"class_list":["post-543","page","type-page","status-publish","has-post-thumbnail","hentry"],"_links":{"self":[{"href":"https:\/\/synergiedev.fr\/index.php\/wp-json\/wp\/v2\/pages\/543","targetHints":{"allow":["GET"]}}],"collection":[{"href":"https:\/\/synergiedev.fr\/index.php\/wp-json\/wp\/v2\/pages"}],"about":[{"href":"https:\/\/synergiedev.fr\/index.php\/wp-json\/wp\/v2\/types\/page"}],"author":[{"embeddable":true,"href":"https:\/\/synergiedev.fr\/index.php\/wp-json\/wp\/v2\/users\/2"}],"replies":[{"embeddable":true,"href":"https:\/\/synergiedev.fr\/index.php\/wp-json\/wp\/v2\/comments?post=543"}],"version-history":[{"count":26,"href":"https:\/\/synergiedev.fr\/index.php\/wp-json\/wp\/v2\/pages\/543\/revisions"}],"predecessor-version":[{"id":1037,"href":"https:\/\/synergiedev.fr\/index.php\/wp-json\/wp\/v2\/pages\/543\/revisions\/1037"}],"wp:featuredmedia":[{"embeddable":true,"href":"https:\/\/synergiedev.fr\/index.php\/wp-json\/wp\/v2\/media\/693"}],"wp:attachment":[{"href":"https:\/\/synergiedev.fr\/index.php\/wp-json\/wp\/v2\/media?parent=543"}],"curies":[{"name":"wp","href":"https:\/\/api.w.org\/{rel}","templated":true}]}}