{"id":548,"date":"2024-06-06T17:04:46","date_gmt":"2024-06-06T15:04:46","guid":{"rendered":"https:\/\/synergiedev.fr\/?page_id=548"},"modified":"2024-08-26T12:22:40","modified_gmt":"2024-08-26T10:22:40","slug":"avantages","status":"publish","type":"page","link":"https:\/\/synergiedev.fr\/index.php\/avantages\/","title":{"rendered":"Avantages"},"content":{"rendered":"\n<p>D\u00e9couvrez les avantages dont vous pouvez b\u00e9n\u00e9ficier lorsque vous int\u00e9grez le groupe <strong>Synergie D\u00e9veloppement<\/strong> :<\/p>\n\n\n\n<p><strong>1 &#8211;<\/strong> Prime de transport<\/p>\n\n\n\n<p><strong>2 &#8211;<\/strong> R\u00e9\u00e9valuation de ton salaire en fonction du smic<\/p>\n\n\n\n<p><strong>3 &#8211;<\/strong> Ch\u00e8ques cadeaux \u00e0 No\u00ebl<\/p>\n\n\n\n<p><strong>4 &#8211; <\/strong>Mutuelle \/ Pr\u00e9voyance<\/p>\n\n\n\n<p><strong>5 &#8211;<\/strong> Prime d&#8217;int\u00e9ressement<\/p>\n\n\n\n<p><strong>6 &#8211;<\/strong> Prime de surperformance<\/p>\n\n\n\n<p><strong>7 &#8211; <\/strong>Prime de cooptation<\/p>\n\n\n\n<p><strong>8 &#8211;<\/strong> Avantages CE<\/p>\n\n\n\n<p><strong>9 &#8211;<\/strong> R\u00e9duction sur les produits que propose le groupe<\/p>\n\n\n\n<p><strong>10 &#8211;<\/strong> Prime de fid\u00e9lit\u00e9 \u00e0 partir de 5 ans d&#8217;anciennet\u00e9<\/p>\n","protected":false},"excerpt":{"rendered":"<p>D\u00e9couvrez les avantages dont vous pouvez b\u00e9n\u00e9ficier lorsque vous int\u00e9grez le groupe Synergie D\u00e9veloppement : 1 &#8211; Prime de transport 2 &#8211; R\u00e9\u00e9valuation de ton salaire en fonction du smic 3 &#8211; Ch\u00e8ques cadeaux \u00e0 No\u00ebl 4 &#8211; Mutuelle \/ Pr\u00e9voyance 5 &#8211; Prime d&#8217;int\u00e9ressement 6 &#8211; Prime de surperformance 7 &#8211; Prime de cooptation [&hellip;]<\/p>\n","protected":false},"author":2,"featured_media":559,"parent":0,"menu_order":0,"comment_status":"closed","ping_status":"closed","template":"","meta":{"footnotes":""},"class_list":["post-548","page","type-page","status-publish","has-post-thumbnail","hentry"],"_links":{"self":[{"href":"https:\/\/synergiedev.fr\/index.php\/wp-json\/wp\/v2\/pages\/548","targetHints":{"allow":["GET"]}}],"collection":[{"href":"https:\/\/synergiedev.fr\/index.php\/wp-json\/wp\/v2\/pages"}],"about":[{"href":"https:\/\/synergiedev.fr\/index.php\/wp-json\/wp\/v2\/types\/page"}],"author":[{"embeddable":true,"href":"https:\/\/synergiedev.fr\/index.php\/wp-json\/wp\/v2\/users\/2"}],"replies":[{"embeddable":true,"href":"https:\/\/synergiedev.fr\/index.php\/wp-json\/wp\/v2\/comments?post=548"}],"version-history":[{"count":6,"href":"https:\/\/synergiedev.fr\/index.php\/wp-json\/wp\/v2\/pages\/548\/revisions"}],"predecessor-version":[{"id":796,"href":"https:\/\/synergiedev.fr\/index.php\/wp-json\/wp\/v2\/pages\/548\/revisions\/796"}],"wp:featuredmedia":[{"embeddable":true,"href":"https:\/\/synergiedev.fr\/index.php\/wp-json\/wp\/v2\/media\/559"}],"wp:attachment":[{"href":"https:\/\/synergiedev.fr\/index.php\/wp-json\/wp\/v2\/media?parent=548"}],"curies":[{"name":"wp","href":"https:\/\/api.w.org\/{rel}","templated":true}]}}