{"id":656,"date":"2024-06-11T14:22:37","date_gmt":"2024-06-11T12:22:37","guid":{"rendered":"https:\/\/synergiedev.fr\/?page_id=656"},"modified":"2026-03-17T13:44:07","modified_gmt":"2026-03-17T12:44:07","slug":"qui-sommes-nous","status":"publish","type":"page","link":"https:\/\/synergiedev.fr\/index.php\/qui-sommes-nous\/","title":{"rendered":"Qui sommes nous ?"},"content":{"rendered":"\n<h2 class=\"wp-block-heading has-text-align-center has-white-color has-text-color has-background has-link-color wp-elements-d9b69414c7c7a5759c5628ba66a8ad00\" style=\"background-color:#b95544\">Pr\u00e9sentation<\/h2>\n\n\n\n<p><strong>Synergie D\u00e9veloppement : Catalyseur de Talents<\/strong><\/p>\n\n\n\n<p>Au c\u0153ur de notre groupe, <strong>Synergie D\u00e9veloppement<\/strong> agit comme un v\u00e9ritable catalyseur de talents. Notre mission\u202f? Identifier, r\u00e9v\u00e9ler et accompagner les potentiels de chacun pour les transformer en moteurs de croissance durable. Gr\u00e2ce \u00e0 une approche sur-mesure et innovante, nous permettons \u00e0 nos collaborateurs et \u00e0 nos \u00e9quipes de d\u00e9ployer pleinement leurs capacit\u00e9s, g\u00e9n\u00e9rant ainsi une dynamique positive pour l\u2019ensemble de nos entit\u00e9s.<\/p>\n\n\n\n<p>Parce que le succ\u00e8s collectif commence par l\u2019\u00e9panouissement individuel, <strong>Synergie D\u00e9veloppement<\/strong> met le talent au service de l\u2019excellence et de la performance du groupe.<\/p>\n\n\n\n<figure class=\"wp-block-image size-large\"><img  title=\"\" loading=\"lazy\" decoding=\"async\" width=\"1024\" height=\"819\" src=\"https:\/\/synergiedev.fr\/wp-content\/uploads\/2026\/03\/image00003-1024x819.jpeg\"  alt=\"image00003-1024x819 Qui sommes nous ?\"  class=\"wp-image-1099\" srcset=\"https:\/\/synergiedev.fr\/wp-content\/uploads\/2026\/03\/image00003-1024x819.jpeg 1024w, https:\/\/synergiedev.fr\/wp-content\/uploads\/2026\/03\/image00003-300x240.jpeg 300w, https:\/\/synergiedev.fr\/wp-content\/uploads\/2026\/03\/image00003-768x614.jpeg 768w, https:\/\/synergiedev.fr\/wp-content\/uploads\/2026\/03\/image00003-1536x1229.jpeg 1536w, https:\/\/synergiedev.fr\/wp-content\/uploads\/2026\/03\/image00003-2048x1638.jpeg 2048w\" sizes=\"auto, (max-width: 1024px) 100vw, 1024px\" \/><\/figure>\n\n\n\n<div style=\"height:30px\" aria-hidden=\"true\" class=\"wp-block-spacer\"><\/div>\n\n\n\n<p><a href=\"https:\/\/synergiedev.fr\/index.php\/nos-valeurs\/\" data-type=\"link\" data-id=\"https:\/\/synergiedev.fr\/index.php\/nos-valeurs\/\">En savoir plus sur les Valeurs et la Vision du groupe<\/a><\/p>\n\n\n\n<div style=\"height:30px\" aria-hidden=\"true\" class=\"wp-block-spacer\"><\/div>\n\n\n\n<h2 class=\"wp-block-heading has-text-align-center has-white-color has-text-color has-background has-link-color wp-elements-0db3a976de64fd6480953347327e3b04\" style=\"background-color:#b95544\">Les dirigeants<\/h2>\n\n\n\n<p><strong>Philippe Tschoepp\u00e9, l&#8217;h\u00e9ritage de la satisfaction client :<\/strong><\/p>\n\n\n\n<p>Petit-fils d\u2019Henri Tschoepp\u00e9, <strong>fondateur de l\u2019entreprise en 1956<\/strong>, Philippe incarne la continuit\u00e9 d\u2019un <strong>h\u00e9ritage <\/strong>industriel et entrepreneurial fond\u00e9 sur l\u2019exigence de qualit\u00e9 et la satisfaction client. Ayant grandi dans l\u2019univers de la menuiserie, il a naturellement d\u00e9velopp\u00e9 une vision o\u00f9 la <strong>performance passe autant par l\u2019excellence des produits que par la valeur des femmes et des hommes qui les con\u00e7oivent. <\/strong>Ancien hockeyeur, et issu d\u2019une famille profond\u00e9ment ancr\u00e9e dans la culture sportive (son p\u00e8re ayant \u00e9t\u00e9 cycliste professionnel), il porte<strong> une vision tr\u00e8s proche du sport de haut niveau <\/strong>: rigueur, engagement, esprit d\u2019\u00e9quipe et go\u00fbt de l\u2019effort. Son point fort r\u00e9side dans la confiance qu\u2019il accorde aux talents lorsqu\u2019ils font preuve d\u2019engagement, de comp\u00e9tence et de potentiel. C\u2019est cette <strong>confiance<\/strong>, structurante et responsabilisante, qui l\u2019a conduit \u00e0 cr\u00e9er avec Florent le groupe Synergie D\u00e9veloppement.<\/p>\n\n\n\n<p><strong>Florent Jacques, le r\u00e9v\u00e9lateur de talents :<\/strong><\/p>\n\n\n\n<p>Ancien <strong>joueur professionnel<\/strong> de basket, Florent Jacques a forg\u00e9 sa vision <strong>du management dans les valeurs du sport<\/strong> : discipline, d\u00e9passement de soi, collectif et confiance mutuelle. Il a ce regard rare de ceux qui savent voir avant les autres. <strong>D\u00e9tecter les talents, r\u00e9v\u00e9ler les p\u00e9pites<\/strong>, croire en des potentiels parfois encore invisibles : c\u2019est l\u00e0 sa force. Tr\u00e8s jeune, d\u2019autres ont su percevoir en lui une capacit\u00e9 qu\u2019il n\u2019osait imaginer, et cette exp\u00e9rience a fa\u00e7onn\u00e9 sa mission : <strong>permettre \u00e0 chacun de prendre conscience de sa propre valeur.<\/strong> Convaincu que la performance na\u00eet autant de l\u2019effort que de la confiance accord\u00e9e, il cr\u00e9e un cadre o\u00f9 chacun peut s\u2019exprimer, progresser et s\u2019engager pleinement. Pour lui,<strong> chaque talent est une \u00e9toile qui m\u00e9rite de briller <\/strong>et, bien accompagn\u00e9, l\u2019humain est capable de d\u00e9placer des montagnes.<\/p>\n\n\n\n<figure class=\"wp-block-image size-large\"><img  title=\"\" loading=\"lazy\" decoding=\"async\" width=\"1024\" height=\"683\" src=\"https:\/\/synergiedev.fr\/wp-content\/uploads\/2024\/06\/ConventionMilan-1956-1024x683.jpg\"  alt=\"ConventionMilan-1956-1024x683 Qui sommes nous ?\"  class=\"wp-image-600\" srcset=\"https:\/\/synergiedev.fr\/wp-content\/uploads\/2024\/06\/ConventionMilan-1956-1024x683.jpg 1024w, https:\/\/synergiedev.fr\/wp-content\/uploads\/2024\/06\/ConventionMilan-1956-300x200.jpg 300w, https:\/\/synergiedev.fr\/wp-content\/uploads\/2024\/06\/ConventionMilan-1956-768x512.jpg 768w, https:\/\/synergiedev.fr\/wp-content\/uploads\/2024\/06\/ConventionMilan-1956-1536x1024.jpg 1536w, https:\/\/synergiedev.fr\/wp-content\/uploads\/2024\/06\/ConventionMilan-1956-2048x1366.jpg 2048w\" sizes=\"auto, (max-width: 1024px) 100vw, 1024px\" \/><\/figure>\n\n\n\n<p><em>De gauche \u00e0 droite : Philippe Tschoepp\u00e9 &amp; Florent Jacques<\/em><\/p>\n","protected":false},"excerpt":{"rendered":"<p>Pr\u00e9sentation Synergie D\u00e9veloppement : Catalyseur de Talents Au c\u0153ur de notre groupe, Synergie D\u00e9veloppement agit comme un v\u00e9ritable catalyseur de talents. Notre mission\u202f? Identifier, r\u00e9v\u00e9ler et accompagner les potentiels de chacun pour les transformer en moteurs de croissance durable. Gr\u00e2ce \u00e0 une approche sur-mesure et innovante, nous permettons \u00e0 nos collaborateurs et \u00e0 nos \u00e9quipes [&hellip;]<\/p>\n","protected":false},"author":2,"featured_media":38,"parent":0,"menu_order":0,"comment_status":"closed","ping_status":"closed","template":"","meta":{"footnotes":""},"class_list":["post-656","page","type-page","status-publish","has-post-thumbnail","hentry"],"_links":{"self":[{"href":"https:\/\/synergiedev.fr\/index.php\/wp-json\/wp\/v2\/pages\/656","targetHints":{"allow":["GET"]}}],"collection":[{"href":"https:\/\/synergiedev.fr\/index.php\/wp-json\/wp\/v2\/pages"}],"about":[{"href":"https:\/\/synergiedev.fr\/index.php\/wp-json\/wp\/v2\/types\/page"}],"author":[{"embeddable":true,"href":"https:\/\/synergiedev.fr\/index.php\/wp-json\/wp\/v2\/users\/2"}],"replies":[{"embeddable":true,"href":"https:\/\/synergiedev.fr\/index.php\/wp-json\/wp\/v2\/comments?post=656"}],"version-history":[{"count":13,"href":"https:\/\/synergiedev.fr\/index.php\/wp-json\/wp\/v2\/pages\/656\/revisions"}],"predecessor-version":[{"id":1102,"href":"https:\/\/synergiedev.fr\/index.php\/wp-json\/wp\/v2\/pages\/656\/revisions\/1102"}],"wp:featuredmedia":[{"embeddable":true,"href":"https:\/\/synergiedev.fr\/index.php\/wp-json\/wp\/v2\/media\/38"}],"wp:attachment":[{"href":"https:\/\/synergiedev.fr\/index.php\/wp-json\/wp\/v2\/media?parent=656"}],"curies":[{"name":"wp","href":"https:\/\/api.w.org\/{rel}","templated":true}]}}