{"id":859,"date":"2025-12-08T15:16:17","date_gmt":"2025-12-08T14:16:17","guid":{"rendered":"https:\/\/synergiedev.fr\/?page_id=859"},"modified":"2026-03-17T12:04:05","modified_gmt":"2026-03-17T11:04:05","slug":"synergie-factory","status":"publish","type":"page","link":"https:\/\/synergiedev.fr\/index.php\/synergie-factory\/","title":{"rendered":"Synergie Factory"},"content":{"rendered":"<div class=\"wp-block-image\">\n<figure class=\"aligncenter size-large is-resized\"><img  title=\"\" loading=\"lazy\" decoding=\"async\" width=\"1024\" height=\"1024\" src=\"http:\/\/synergiedev.fr\/wp-content\/uploads\/2025\/12\/Logo-Synergie-Factory-CMJN-1024x1024.jpg\"  alt=\"Logo-Synergie-Factory-CMJN-1024x1024 Synergie Factory\"  class=\"wp-image-880\" style=\"width:438px;height:auto\" srcset=\"https:\/\/synergiedev.fr\/wp-content\/uploads\/2025\/12\/Logo-Synergie-Factory-CMJN-1024x1024.jpg 1024w, https:\/\/synergiedev.fr\/wp-content\/uploads\/2025\/12\/Logo-Synergie-Factory-CMJN-300x300.jpg 300w, https:\/\/synergiedev.fr\/wp-content\/uploads\/2025\/12\/Logo-Synergie-Factory-CMJN-150x150.jpg 150w, https:\/\/synergiedev.fr\/wp-content\/uploads\/2025\/12\/Logo-Synergie-Factory-CMJN-768x768.jpg 768w, https:\/\/synergiedev.fr\/wp-content\/uploads\/2025\/12\/Logo-Synergie-Factory-CMJN-1536x1536.jpg 1536w, https:\/\/synergiedev.fr\/wp-content\/uploads\/2025\/12\/Logo-Synergie-Factory-CMJN-2048x2048.jpg 2048w\" sizes=\"auto, (max-width: 1024px) 100vw, 1024px\" \/><\/figure>\n<\/div>\n\n\n<p><strong>Organisme de formation d\u00e9di\u00e9 \u00e0 la performance et au d\u00e9veloppement des entreprises<\/strong><\/p>\n\n\n\n<p>Synergie Factory accompagne les dirigeants, managers et \u00e9quipes dans le d\u00e9veloppement de leurs comp\u00e9tences strat\u00e9giques et op\u00e9rationnelles.<\/p>\n\n\n\n<p>Notre organisme de formation propose des parcours complets et structur\u00e9s autour des piliers essentiels de la croissance d\u2019une entreprise : management, performance commerciale, acquisition de clients et vision strat\u00e9gique.<\/p>\n\n\n\n<p>Nous sommes actuellement engag\u00e9s dans une d\u00e9marche de certification <strong>Qualiopi<\/strong>, afin de garantir un haut niveau d\u2019exigence en mati\u00e8re de qualit\u00e9, de structuration p\u00e9dagogique et d\u2019am\u00e9lioration continue. Cette d\u00e9marche t\u00e9moigne de notre volont\u00e9 d\u2019inscrire nos formations dans un cadre rigoureux et reconnu.<\/p>\n\n\n\n<p>Nous croyons qu\u2019une entreprise performante repose sur trois fondamentaux :<br>\u2714 des \u00e9quipes bien manag\u00e9es<br>\u2714 une strat\u00e9gie commerciale ma\u00eetris\u00e9e<br>\u2714 une organisation claire et efficace<\/p>\n\n\n\n<p>Nos formations sont con\u00e7ues pour \u00eatre concr\u00e8tes, applicables imm\u00e9diatement et adapt\u00e9es aux r\u00e9alit\u00e9s du terrain. Nous privil\u00e9gions une approche pragmatique, orient\u00e9e r\u00e9sultats, permettant aux participants de repartir avec des outils directement exploitables.<\/p>\n\n\n\n<p>Au-del\u00e0 de la transmission de comp\u00e9tences, Synergie Factory cr\u00e9e un cadre propice \u00e0 la r\u00e9flexion strat\u00e9gique, \u00e0 la mont\u00e9e en puissance des dirigeants et \u00e0 la dynamique collective.<\/p>\n\n\n\n<p><strong>Notre ambition : transformer les comp\u00e9tences en levier durable de croissance.<\/strong><\/p>\n\n\n\n<figure class=\"wp-block-image size-large\"><img  title=\"\" loading=\"lazy\" decoding=\"async\" width=\"1024\" height=\"683\" src=\"http:\/\/synergiedev.fr\/wp-content\/uploads\/2025\/12\/business-executives-using-laptop-1024x683.jpg\"  alt=\"business-executives-using-laptop-1024x683 Synergie Factory\"  class=\"wp-image-875\" srcset=\"https:\/\/synergiedev.fr\/wp-content\/uploads\/2025\/12\/business-executives-using-laptop-1024x683.jpg 1024w, https:\/\/synergiedev.fr\/wp-content\/uploads\/2025\/12\/business-executives-using-laptop-300x200.jpg 300w, https:\/\/synergiedev.fr\/wp-content\/uploads\/2025\/12\/business-executives-using-laptop-768x512.jpg 768w, https:\/\/synergiedev.fr\/wp-content\/uploads\/2025\/12\/business-executives-using-laptop-1536x1024.jpg 1536w, https:\/\/synergiedev.fr\/wp-content\/uploads\/2025\/12\/business-executives-using-laptop-2048x1365.jpg 2048w\" sizes=\"auto, (max-width: 1024px) 100vw, 1024px\" \/><\/figure>\n","protected":false},"excerpt":{"rendered":"<p>Organisme de formation d\u00e9di\u00e9 \u00e0 la performance et au d\u00e9veloppement des entreprises Synergie Factory accompagne les dirigeants, managers et \u00e9quipes dans le d\u00e9veloppement de leurs comp\u00e9tences strat\u00e9giques et op\u00e9rationnelles. Notre organisme de formation propose des parcours complets et structur\u00e9s autour des piliers essentiels de la croissance d\u2019une entreprise : management, performance commerciale, acquisition de clients [&hellip;]<\/p>\n","protected":false},"author":2,"featured_media":875,"parent":0,"menu_order":0,"comment_status":"closed","ping_status":"closed","template":"","meta":{"footnotes":""},"class_list":["post-859","page","type-page","status-publish","has-post-thumbnail","hentry"],"_links":{"self":[{"href":"https:\/\/synergiedev.fr\/index.php\/wp-json\/wp\/v2\/pages\/859","targetHints":{"allow":["GET"]}}],"collection":[{"href":"https:\/\/synergiedev.fr\/index.php\/wp-json\/wp\/v2\/pages"}],"about":[{"href":"https:\/\/synergiedev.fr\/index.php\/wp-json\/wp\/v2\/types\/page"}],"author":[{"embeddable":true,"href":"https:\/\/synergiedev.fr\/index.php\/wp-json\/wp\/v2\/users\/2"}],"replies":[{"embeddable":true,"href":"https:\/\/synergiedev.fr\/index.php\/wp-json\/wp\/v2\/comments?post=859"}],"version-history":[{"count":29,"href":"https:\/\/synergiedev.fr\/index.php\/wp-json\/wp\/v2\/pages\/859\/revisions"}],"predecessor-version":[{"id":1067,"href":"https:\/\/synergiedev.fr\/index.php\/wp-json\/wp\/v2\/pages\/859\/revisions\/1067"}],"wp:featuredmedia":[{"embeddable":true,"href":"https:\/\/synergiedev.fr\/index.php\/wp-json\/wp\/v2\/media\/875"}],"wp:attachment":[{"href":"https:\/\/synergiedev.fr\/index.php\/wp-json\/wp\/v2\/media?parent=859"}],"curies":[{"name":"wp","href":"https:\/\/api.w.org\/{rel}","templated":true}]}}